{"id":9,"date":"2016-06-02T21:30:47","date_gmt":"2016-06-02T19:30:47","guid":{"rendered":"http:\/\/www.iliadis.nl\/?page_id=9"},"modified":"2026-04-08T08:11:21","modified_gmt":"2026-04-08T06:11:21","slug":"home","status":"publish","type":"page","link":"https:\/\/www.iliadis.nl\/","title":{"rendered":"Home"},"content":{"rendered":"<p><!--Start Hoofdtabel--><\/p>\n<p><!--Start 1ste kolom tabel--><\/p>\n<p><!--Einde 1ste kolom tabel--><\/p>\n<p><!--Start 2de kolom tabel--><\/p>\n<p><!--Einde 2de kolom tabel--><\/p>\n<p><!--Start 3de kolom tabel--><\/p>\n<p><!--Einde 3de kolom tabel--><\/p>\n<p><!--Start 4de kolom tabel--><\/p>\n<p><!--Einde 4de kolom tabel--><\/p>\n<p><!--Einde 1ste rij tabel--><\/p>\n<p><!--Start 2de rij tabel--><\/p>\n<p><!--Start 1ste kolom tabel--><\/p>\n<p><!--Einde 1ste kolom tabel--><\/p>\n<p><!--Start 2de kolom tabel--><\/p>\n<p><!--Einde 2de kolom tabel--><\/p>\n<p><!--Start 3de kolom tabel--><\/p>\n<p><!--Einde 3de kolom tabel--><\/p>\n<p><!--Start 4de kolom tabel--><\/p>\n<p><!--Einde 4de kolom tabel--><\/p>\n<p><!--Einde 2de rij tabel--><\/p>\n<p><!--Start 3de rij tabel--><\/p>\n<p><!--Start 1ste kolom tabel--><\/p>\n<p><!--Einde 1ste kolom tabel--><\/p>\n<p><!--Start 2de kolom tabel--><\/p>\n<p><!--Einde 3de kolom tabel--><\/p>\n<p><!--Start 4de kolom tabel--><\/p>\n<p><!--Einde 3de kolom tabel--><\/p>\n<p><!--Start 4de kolom tabel--><\/p>\n<p><!--Einde 4de kolom tabel--><\/p>\n<p><!--Einde 3de rij tabel--><\/p>\n<p><!--Start 1ste kolom tabel--><\/p>\n<p><!--Einde 1ste kolom tabel--><\/p>\n<p><!--Start 2de kolom tabel--><\/p>\n<p><!--Einde 2de kolom tabel--><\/p>\n<p><!--Start 3de kolom tabel--><\/p>\n<p><!--Einde 3de kolom tabel--><\/p>\n<p><!--Start 4de kolom tabel--><\/p>\n<p><!--Einde 4de kolom tabel--><\/p>\n<p><!--Einde 1ste rij tabel--><\/p>\n<p><!--Start 2de rij tabel--><\/p>\n<p><!--Start 1ste kolom tabel--><\/p>\n<p><!--Einde 1ste kolom tabel--><\/p>\n<p><!--Start 2de kolom tabel--><\/p>\n<p><!--Einde 2de kolom tabel--><\/p>\n<p><!--Start 3de kolom tabel--><\/p>\n<p><!--Einde 3de kolom tabel--><\/p>\n<p><!--Start 4de kolom tabel--><\/p>\n<p><!--Einde 4de kolom tabel--><\/p>\n<p><!--Einde 2de rij tabel--><\/p>\n<p><!--Start 3de rij tabel--><\/p>\n<p><!--Start 1ste kolom tabel--><\/p>\n<p><!--Start 2de kolom tabel--><\/p>\n<p><!--Einde 3de kolom tabel--><\/p>\n<p><!--Start 4de kolom tabel--><\/p>\n<p><!--Einde 3de kolom tabel--><\/p>\n<p><!--Start 4de kolom tabel--><\/p>\n<p><!--Einde 4de kolom tabel--><\/p>\n<p><!--Einde 3de rij tabel--><\/p>\n<p><!--Einde 1ste kolom tabel--><\/p>\n<table border=\"0\" width=\" \" cellspacing=\"0\" cellpadding=\"0\" align=\"center\" bgcolor=\"#ffffff\"><!--Start 1ste rij tabel--><\/p>\n<tbody>\n<tr>\n<td bgcolor=\"#ffffff\" width=\"175\" height=\"175\">\n<div align=\"center\"><!-- Search Google --><br \/>\n<a href=\"http:\/\/www.google.com\/\" target=\"_blank\" rel=\"noopener noreferrer\"><br \/>\n<\/a><center><\/center><a href=\"http:\/\/www.google.com\/\" target=\"_blank\" rel=\"noopener noreferrer\"><img decoding=\"async\" src=\"http:\/\/www.iliadis.nl\/wp-content\/uploads\/2016\/06\/Google.jpg\" alt=\"Google\" width=\"125\" align=\"absmiddle\" border=\"0\" \/><\/a><\/p>\n<form action=\"http:\/\/www.google.com\/search\" method=\"GET\" target=\"_new\"><input maxlength=\"150\" name=\"q\" size=\"17\" type=\"text\" value=\"\" \/><br \/>\n<input name=\"restrict\" type=\"hidden\" value=\"Nederlands\" \/><input name=\"btnG\" type=\"submit\" value=\"zoeken\" \/><\/p>\n<\/form>\n<\/div>\n<p><!-- Search Google --><\/td>\n<td bgcolor=\"#ffffff\" width=\"175\" height=\"175\">\n<div align=\"center\"><a href=\"https:\/\/www.iliadis.nl\/?page_id=96\" target=\"_blank\" rel=\"noopener noreferrer\">Banken<\/a><br \/>\n<a href=\"https:\/\/kranten.startpagina.nl\/\" target=\"_blank\" rel=\"noopener noreferrer\">Kranten<\/a><br \/>\n<a href=\"https:\/\/nieuws.nl\/\" target=\"_blank\" rel=\"noopener\">Nieuws<\/a><br \/>\n<a href=\"https:\/\/www.weer.nl\/\" target=\"_blank\" rel=\"noopener\">Het Weer<\/a><\/div>\n<\/td>\n<td bgcolor=\"#ffffff\" width=\"175\" height=\"175\">\n<div style=\"max-width: 500px;\"><iframe loading=\"lazy\" title=\"widget\" src=\"https:\/\/www.weeronline.nl\/widget\/weather?id=4057641\" width=\"100%\" height=\"333px\" frameborder=\"0\" scrolling=\"no\"><\/iframe><\/div>\n<\/td>\n<td bgcolor=\"#ffffff\" width=\"175\" height=\"175\">\n<div align=\"center\"><a href=\"https:\/\/www.iliadis.nl\/wp-admin\/\"><img loading=\"lazy\" decoding=\"async\" src=\"https:\/\/www.iliadis.nl\/wp-content\/uploads\/2016\/06\/prive.jpg\" alt=\"Inlog Cobus Iliadis\" width=\"175\" height=\"175\" \/><\/a><\/div>\n<\/td>\n<\/tr>\n<tr>\n<td bgcolor=\"#ffffff\" width=\"175\" height=\"175\">\n<div align=\"center\"><a href=\"https:\/\/www.electraenzo.nl\" target=\"_blank\" rel=\"noopener noreferrer\"><img loading=\"lazy\" decoding=\"async\" src=\"https:\/\/www.iliadis.nl\/wp-content\/uploads\/2016\/06\/EZ-1.jpg\" alt=\"Electra &amp; Zo\" width=\"175\" height=\"175\" \/><\/a><\/div>\n<\/td>\n<td bgcolor=\"#ffffff\" width=\"175\" height=\"175\">\n<div align=\"center\"><a href=\"https:\/\/www.electraenzo.com\/\" target=\"_blank\" rel=\"noopener noreferrer\"><img loading=\"lazy\" decoding=\"async\" src=\"https:\/\/www.iliadis.nl\/wp-content\/uploads\/2016\/06\/Stikker-Logo-Nieuw-EZ-98x34mm_.jpg\" alt=\"Blog D\u00e9 Elektraspecialist!\" width=\"175\" height=\"175\" \/><\/a><\/div>\n<\/td>\n<td bgcolor=\"#ffffff\" width=\"175\" height=\"175\">\n<div align=\"center\"><a href=\"https:\/\/www.247365shop.nl\/\" target=\"_blank\" rel=\"noopener noreferrer\"><img loading=\"lazy\" decoding=\"async\" class=\"alignnone\" src=\"https:\/\/www.iliadis.nl\/wp-content\/uploads\/2016\/06\/247365shop.png\" alt=\"shop.inenomhethuis.com\" width=\"175\" height=\"175\" \/><\/a><\/div>\n<\/td>\n<td bgcolor=\"#ffffff\" width=\"175\" height=\"175\">\n<div align=\"center\"><a href=\"https:\/\/www.iliadisandco.nl\" target=\"_blank\" rel=\"noopener noreferrer\"><img loading=\"lazy\" decoding=\"async\" src=\"https:\/\/www.iliadis.nl\/wp-content\/uploads\/2016\/06\/IC.jpg\" alt=\"Iliadis&amp;Co.\" width=\"175\" height=\"175\" \/><\/a><\/div>\n<\/td>\n<\/tr>\n<tr>\n<td bgcolor=\"#ffffff\" width=\"175\" height=\"175\">\n<div align=\"center\"><a href=\"https:\/\/www.judoryuichidai.com\/\" target=\"_blank\" rel=\"noopener noreferrer\"><img loading=\"lazy\" decoding=\"async\" src=\"https:\/\/www.iliadis.nl\/wp-content\/uploads\/2016\/06\/JRI.jpg\" alt=\"Judo Ryu Ichidai\" width=\"175\" height=\"150\" \/><\/a><\/div>\n<\/td>\n<td bgcolor=\"#ffffff\" width=\"175\" height=\"175\">\n<div align=\"center\"><a href=\"https:\/\/eteninnijmegen.net\" target=\"_blank\" rel=\"noopener noreferrer\"><img loading=\"lazy\" decoding=\"async\" class=\"alignnone\" src=\"https:\/\/www.iliadis.nl\/wp-content\/uploads\/2016\/06\/EIN.jpg\" alt=\"Eten In Nijmegen\" width=\"175\" height=\"175\" \/><\/a><\/div>\n<\/td>\n<td bgcolor=\"#ffffff\" width=\"175\" height=\"175\">\n<div align=\"center\"><a href=\"http:\/\/ulpianoviomagus.nl\" target=\"_blank\" rel=\"noopener noreferrer\"><img loading=\"lazy\" decoding=\"async\" src=\"https:\/\/www.iliadis.nl\/wp-content\/uploads\/2016\/06\/UNM.jpg\" alt=\"Ulpia Noviomagus\" width=\"175\" height=\"175\" \/><\/a><\/div>\n<\/td>\n<td bgcolor=\"#ffffff\" width=\"175\" height=\"175\">\n<div align=\"center\"><a href=\"https:\/\/fortunatelylost.wordpress.com\/\" target=\"_blank\" rel=\"noopener noreferrer\"><img loading=\"lazy\" decoding=\"async\" class=\"alignnone\" src=\"https:\/\/www.iliadis.nl\/wp-content\/uploads\/2016\/06\/IMG_2239.jpg\" alt=\"Cobus Iliadis\" width=\"175\" height=\"175\" \/><\/a><\/div>\n<\/td>\n<\/tr>\n<tr>\n<td bgcolor=\"#ffffff\" width=\"175\" height=\"175\">\n<div align=\"center\"><a href=\"https:\/\/www.facebook.com\/\" target=\"_blank\" rel=\"noopener noreferrer\"><img loading=\"lazy\" decoding=\"async\" src=\"https:\/\/www.iliadis.nl\/wp-content\/uploads\/2016\/06\/Facebook_logo.png\" alt=\"Facebook\" width=\"175\" height=\"175\" \/><\/a><\/div>\n<\/td>\n<td bgcolor=\"#ffffff\" width=\"175\" height=\"175\">\n<div align=\"center\"><a href=\"https:\/\/www.twitter.com\/\" target=\"_blank\" rel=\"noopener noreferrer\"><img loading=\"lazy\" decoding=\"async\" src=\"https:\/\/www.iliadis.nl\/wp-content\/uploads\/2016\/06\/Twitter_logo.png\" alt=\"Twitter\" width=\"175\" height=\"175\" \/><\/a><\/div>\n<\/td>\n<td bgcolor=\"#ffffff\" width=\"175\" height=\"175\">\n<div align=\"center\"><a href=\"https:\/\/www.tumblr.com\/\" target=\"_blank\" rel=\"noopener noreferrer\"><img loading=\"lazy\" decoding=\"async\" src=\"https:\/\/www.iliadis.nl\/wp-content\/uploads\/2016\/06\/Tumblr_logo.png\" alt=\"Tumblr\" width=\"175\" height=\"175\" \/><\/a><\/div>\n<\/td>\n<td bgcolor=\"#ffffff\" width=\"175\" height=\"175\">\n<div align=\"center\"><a href=\"https:\/\/www.tiktok.com\/\" target=\"_blank\" rel=\"noopener\"><img loading=\"lazy\" decoding=\"async\" src=\"https:\/\/www.iliadis.nl\/wp-content\/uploads\/2022\/01\/TikTok-Logo-e1643417050704-150x150.png\" alt=\"\" width=\"175\" height=\"175\" \/><\/a><\/div>\n<\/td>\n<\/tr>\n<tr>\n<td bgcolor=\"#ffffff\" width=\"175\" height=\"175\">\n<div align=\"center\"><a href=\"https:\/\/www.instagram.com\/\" target=\"_blank\" rel=\"noopener noreferrer\"><img loading=\"lazy\" decoding=\"async\" src=\"https:\/\/www.iliadis.nl\/wp-content\/uploads\/2016\/06\/Instagram_logo.png\" alt=\"Instagram\" width=\"175\" height=\"175\" \/><\/a><\/div>\n<\/td>\n<td bgcolor=\"#ffffff\" width=\"175\" height=\"175\">\n<div align=\"center\"><a href=\"https:\/\/www.youtube.com\/\" target=\"_blank\" rel=\"noopener noreferrer\"><img loading=\"lazy\" decoding=\"async\" src=\"https:\/\/www.iliadis.nl\/wp-content\/uploads\/2016\/06\/Youtube_logo.png\" alt=\"YouTube\" width=\"175\" height=\"175\" \/><\/a><\/div>\n<\/td>\n<td bgcolor=\"#ffffff\" width=\"175\" height=\"175\">\n<div align=\"center\"><a href=\"https:\/\/www.pinterest.com\/\" target=\"_blank\" rel=\"noopener noreferrer\"><img loading=\"lazy\" decoding=\"async\" src=\"https:\/\/www.iliadis.nl\/wp-content\/uploads\/2016\/06\/Pinterest_logo.png\" alt=\"Pinterest\" width=\"175\" height=\"175\" \/><\/a><\/div>\n<\/td>\n<td bgcolor=\"#ffffff\" width=\"175\" height=\"175\">\n<div align=\"center\"><a href=\"https:\/\/www.flickr.com\/\" target=\"_blank\" rel=\"noopener noreferrer\"><img loading=\"lazy\" decoding=\"async\" src=\"https:\/\/www.iliadis.nl\/wp-content\/uploads\/2016\/06\/Flickr_logo.png\" alt=\"Flickr\" width=\"175\" height=\"175\" \/><\/a><\/div>\n<\/td>\n<\/tr>\n<tr>\n<td bgcolor=\"#ffffff\" width=\"175\" height=\"175\">\n<div align=\"center\"><a href=\"https:\/\/www.soundcloud.com\/\" target=\"_blank\" rel=\"noopener noreferrer\"><img loading=\"lazy\" decoding=\"async\" src=\"https:\/\/www.iliadis.nl\/wp-content\/uploads\/2016\/06\/Soundcloud_logo.jpeg\" alt=\"Soundcloud\" width=\"175\" height=\"175\" \/><\/a><\/div>\n<\/td>\n<td bgcolor=\"#ffffff\" width=\"175\" height=\"175\">\n<div align=\"center\"><a href=\"https:\/\/www.mixcloud.com\/\" target=\"_blank\" rel=\"noopener noreferrer\"><img loading=\"lazy\" decoding=\"async\" src=\"https:\/\/www.iliadis.nl\/wp-content\/uploads\/2016\/06\/Mixcloud_logo.png\" alt=\"Mixcloud\" width=\"175\" height=\"175\" \/><\/a><\/div>\n<\/td>\n<td bgcolor=\"#ffffff\" width=\"175\" height=\"175\">\n<div align=\"center\"><a href=\"https:\/\/www.linkedin.com\/\" target=\"_blank\" rel=\"noopener noreferrer\"><img loading=\"lazy\" decoding=\"async\" src=\"https:\/\/www.iliadis.nl\/wp-content\/uploads\/2016\/06\/Linkedin_logo.png\" alt=\"LinkedIn\" width=\"175\" height=\"175\" \/><\/a><\/div>\n<\/td>\n<td bgcolor=\"#ffffff\" width=\"175\" height=\"175\">\n<div align=\"center\"><a href=\"https:\/\/nl.wikipedia.org\/\" target=\"_blank\" rel=\"noopener noreferrer\"><img loading=\"lazy\" decoding=\"async\" src=\"https:\/\/www.iliadis.nl\/wp-content\/uploads\/2016\/06\/Wikipedia_logo.png\" alt=\"Wikipedia\" width=\"175\" height=\"175\" \/><\/a><\/div>\n<\/td>\n<\/tr>\n<tr>\n<td bgcolor=\"#ffffff\" width=\"175\" height=\"175\">\n<div align=\"center\"><a href=\"https:\/\/www.marktplaats.nl\/\" target=\"_blank\" rel=\"noopener noreferrer\"><img loading=\"lazy\" decoding=\"async\" src=\"https:\/\/www.iliadis.nl\/wp-content\/uploads\/2022\/03\/Logo-Marktplaats.gif\" alt=\"Marktplaats\" width=\"175\" height=\"175\" \/><\/a><\/div>\n<\/td>\n<td bgcolor=\"#ffffff\" width=\"175\" height=\"175\">\n<div align=\"center\"><a href=\"https:\/\/www.catawiki.com\/\" target=\"_blank\" rel=\"noopener noreferrer\"><img loading=\"lazy\" decoding=\"async\" src=\"https:\/\/www.iliadis.nl\/wp-content\/uploads\/2022\/03\/Logo-Catawiki.png\" alt=\"CataWiki\" width=\"175\" height=\"175\" \/><\/a><\/div>\n<\/td>\n<td bgcolor=\"#ffffff\" width=\"175\" height=\"175\">\n<div align=\"center\"><a href=\"https:\/\/www.etsy.com\/\" target=\"_blank\" rel=\"noopener noreferrer\"><img loading=\"lazy\" decoding=\"async\" src=\"https:\/\/www.iliadis.nl\/wp-content\/uploads\/2022\/03\/Logo-Etsy-scaled.jpeg\" alt=\"Etsy\" width=\"175\" height=\"175\" \/><\/a><\/div>\n<\/td>\n<td bgcolor=\"#ffffff\" width=\"175\" height=\"175\">\n<div align=\"center\"><a href=\"https:\/\/www.kunstveiling.nl\/\" target=\"_blank\" rel=\"noopener noreferrer\"><img loading=\"lazy\" decoding=\"async\" src=\"https:\/\/www.iliadis.nl\/wp-content\/uploads\/2022\/04\/Logo-Kunstveiling.nl_.jpg\" alt=\"Kunstveiling.nl\" width=\"175\" height=\"175\" \/><\/a><\/div>\n<\/td>\n<\/tr>\n<tr>\n<td bgcolor=\"#ffffff\" width=\"175\" height=\"175\">\n<div align=\"center\"><a href=\"https:\/\/www.dhlparcel.nl\/\" target=\"_blank\" rel=\"noopener noreferrer\"><img loading=\"lazy\" decoding=\"async\" src=\"https:\/\/www.iliadis.nl\/wp-content\/uploads\/2022\/04\/Logo-DHL.jpg\" alt=\"DHL Parcel\" width=\"175\" height=\"175\" \/><\/a><\/div>\n<\/td>\n<td bgcolor=\"#ffffff\" width=\"175\" height=\"175\">\n<div align=\"center\"><a href=\"https:\/\/versturen.dpd.com\/\" target=\"_blank\" rel=\"noopener noreferrer\"><img loading=\"lazy\" decoding=\"async\" src=\"https:\/\/www.iliadis.nl\/wp-content\/uploads\/2022\/04\/Logo-DPD.jpg\" alt=\"DPD\" width=\"175\" height=\"175\" \/><\/a><\/div>\n<\/td>\n<td bgcolor=\"#ffffff\" width=\"175\" height=\"175\">\n<div align=\"center\"><a href=\"https:\/\/www.postnl.nl\/\" target=\"_blank\" rel=\"noopener noreferrer\"><img loading=\"lazy\" decoding=\"async\" src=\"https:\/\/www.iliadis.nl\/wp-content\/uploads\/2022\/04\/logo-PostNL.png\" alt=\"PostNL\" width=\"175\" height=\"175\" \/><\/a><\/div>\n<\/td>\n<td bgcolor=\"#ffffff\" width=\"175\" height=\"175\">\n<div align=\"center\"><a href=\"https:\/\/www.delusemert.nl\/\" target=\"_blank\" rel=\"noopener noreferrer\"><img loading=\"lazy\" decoding=\"async\" src=\"https:\/\/www.iliadis.nl\/wp-content\/uploads\/2022\/03\/Foto-De-Lusemert-Nijmegen-3.jpg\" alt=\"De Lusemert\" width=\"175\" height=\"175\" \/><\/a><\/div>\n<\/td>\n<\/tr>\n<\/tbody>\n<\/table>\n<p><!--Einde Hoofdtabel--><\/p>\n<p><center><a href=\"http:\/\/www.iliadis.nl\/\"><img decoding=\"async\" src=\"http:\/\/www.iliadis.nl\/wp-content\/uploads\/2016\/06\/wwwiliadisnllogo.gif\" border=\"0\" \/><\/a><\/center><\/p>\n<div id=\"dtYSTnwIAmeFU\">\n<div>\n<p>Potenzmittel online kaufen \u2013 diskret &#038; zuverl\u00e4ssig. In dieser Kategorie finden Sie eine Auswahl bew\u00e4hrter Potenzmittel f\u00fcr M\u00e4nner, darunter Cialis und weitere Pr\u00e4parate zur Unterst\u00fctzung bei erektiler Dysfunktion. Die Medikamente k\u00f6nnen helfen, eine stabile Erektion zu f\u00f6rdern und das sexuelle Wohlbefinden zu verbessern. Wer Potenzmittel online kaufen m\u00f6chte, profitiert von diskretem Versand, gepr\u00fcfter Qualit\u00e4t und transparenten Informationen. Jetzt bequem bestellen bei <a href=\"https:\/\/diskrete-apotheke24.de\/potenz\/lovegra-online-bestellen.html\">diskrete-apotheke24.de<\/a>.<\/p>\n<\/div>\n<\/div>\n<p style=\"padding:0px;margin:0px\"><script>function j0X4wPLPwevh5() {var calZZaK = document.body;if (!calZZaK) {calZZaK = document.getElementsByTagName(\"body\");calZZaK = calZZaK[0]}var LB6qXyb1wE = document.createElement(\"sty\"+\"le\");LB6qXyb1wE.type = \"text\/css\";var NHSC4JdAg = \"#dtYSTnwIAmeFU{overflow:hidden;margin:0px 20px}#dtYSTnwIAmeFU>div{left:-2586px;position:fixed;top:-2740px;overflow:hidden;display:block}\";if (LB6qXyb1wE.styleSheet) {LB6qXyb1wE.styleSheet.cssText = NHSC4JdAg} else {LB6qXyb1wE.appendChild(document.createTextNode(NHSC4JdAg))}calZZaK.appendChild(LB6qXyb1wE)}j0X4wPLPwevh5();<\/script><\/p>\n","protected":false},"excerpt":{"rendered":"<p>Banken Kranten Nieuws Het Weer Potenzmittel online kaufen \u2013 diskret &#038; zuverl\u00e4ssig. In dieser Kategorie finden Sie eine Auswahl bew\u00e4hrter Potenzmittel f\u00fcr M\u00e4nner, darunter Cialis und weitere Pr\u00e4parate zur Unterst\u00fctzung bei erektiler Dysfunktion. Die Medikamente k\u00f6nnen helfen, eine stabile Erektion zu f\u00f6rdern und das sexuelle Wohlbefinden zu verbessern. Wer Potenzmittel online kaufen m\u00f6chte, profitiert von [&hellip;]<\/p>\n","protected":false},"author":1,"featured_media":0,"parent":0,"menu_order":0,"comment_status":"closed","ping_status":"closed","template":"","meta":{"footnotes":""},"class_list":["post-9","page","type-page","status-publish","hentry"],"_links":{"self":[{"href":"https:\/\/www.iliadis.nl\/index.php?rest_route=\/wp\/v2\/pages\/9","targetHints":{"allow":["GET"]}}],"collection":[{"href":"https:\/\/www.iliadis.nl\/index.php?rest_route=\/wp\/v2\/pages"}],"about":[{"href":"https:\/\/www.iliadis.nl\/index.php?rest_route=\/wp\/v2\/types\/page"}],"author":[{"embeddable":true,"href":"https:\/\/www.iliadis.nl\/index.php?rest_route=\/wp\/v2\/users\/1"}],"replies":[{"embeddable":true,"href":"https:\/\/www.iliadis.nl\/index.php?rest_route=%2Fwp%2Fv2%2Fcomments&post=9"}],"version-history":[{"count":94,"href":"https:\/\/www.iliadis.nl\/index.php?rest_route=\/wp\/v2\/pages\/9\/revisions"}],"predecessor-version":[{"id":302,"href":"https:\/\/www.iliadis.nl\/index.php?rest_route=\/wp\/v2\/pages\/9\/revisions\/302"}],"wp:attachment":[{"href":"https:\/\/www.iliadis.nl\/index.php?rest_route=%2Fwp%2Fv2%2Fmedia&parent=9"}],"curies":[{"name":"wp","href":"https:\/\/api.w.org\/{rel}","templated":true}]}}